{"id":355,"date":"2017-08-03T16:32:32","date_gmt":"2017-08-03T19:32:32","guid":{"rendered":"http:\/\/eca-capacita.com.br\/videocapacita\/?page_id=355"},"modified":"2017-08-03T16:52:46","modified_gmt":"2017-08-03T19:52:46","slug":"indique-um-video","status":"publish","type":"page","link":"https:\/\/eca-capacita.com.br\/videocapacita\/indique-um-video\/","title":{"rendered":"Indique um V\u00eddeo para este Site"},"content":{"rendered":"<p>[contact-form-7 id=&#8221;354&#8243; title=&#8221;Formul\u00e1rio de Intera\u00e7\u00e3o&#8221;]<\/p>\n","protected":false},"excerpt":{"rendered":"<p>[contact-form-7 id=&#8221;354&#8243; title=&#8221;Formul\u00e1rio de Intera\u00e7\u00e3o&#8221;]<\/p>\n","protected":false},"author":1,"featured_media":0,"parent":0,"menu_order":0,"comment_status":"closed","ping_status":"closed","template":"","meta":{"footnotes":""},"class_list":["post-355","page","type-page","status-publish","hentry"],"_links":{"self":[{"href":"https:\/\/eca-capacita.com.br\/videocapacita\/wp-json\/wp\/v2\/pages\/355","targetHints":{"allow":["GET"]}}],"collection":[{"href":"https:\/\/eca-capacita.com.br\/videocapacita\/wp-json\/wp\/v2\/pages"}],"about":[{"href":"https:\/\/eca-capacita.com.br\/videocapacita\/wp-json\/wp\/v2\/types\/page"}],"author":[{"embeddable":true,"href":"https:\/\/eca-capacita.com.br\/videocapacita\/wp-json\/wp\/v2\/users\/1"}],"replies":[{"embeddable":true,"href":"https:\/\/eca-capacita.com.br\/videocapacita\/wp-json\/wp\/v2\/comments?post=355"}],"version-history":[{"count":2,"href":"https:\/\/eca-capacita.com.br\/videocapacita\/wp-json\/wp\/v2\/pages\/355\/revisions"}],"predecessor-version":[{"id":358,"href":"https:\/\/eca-capacita.com.br\/videocapacita\/wp-json\/wp\/v2\/pages\/355\/revisions\/358"}],"wp:attachment":[{"href":"https:\/\/eca-capacita.com.br\/videocapacita\/wp-json\/wp\/v2\/media?parent=355"}],"curies":[{"name":"wp","href":"https:\/\/api.w.org\/{rel}","templated":true}]}}