{"id":603,"date":"2017-08-15T16:40:34","date_gmt":"2017-08-15T19:40:34","guid":{"rendered":"http:\/\/eca-capacita.com.br\/videocapacita\/?page_id=603"},"modified":"2017-08-15T16:40:34","modified_gmt":"2017-08-15T19:40:34","slug":"conheca-o-prof-delnerio","status":"publish","type":"page","link":"https:\/\/eca-capacita.com.br\/videocapacita\/conheca-o-prof-delnerio\/","title":{"rendered":"Conhe\u00e7a o Prof. Delnerio"},"content":{"rendered":"<h2><a href=\"http:\/\/eca-capacita.com.br\/videocapacita\/wp-content\/uploads\/2017\/08\/Prof-DEL.png\"><img fetchpriority=\"high\" decoding=\"async\" class=\"aligncenter wp-image-604 size-full\" src=\"http:\/\/eca-capacita.com.br\/videocapacita\/wp-content\/uploads\/2017\/08\/Prof-DEL.png\" alt=\"\" width=\"605\" height=\"374\" srcset=\"https:\/\/eca-capacita.com.br\/videocapacita\/wp-content\/uploads\/2017\/08\/Prof-DEL.png 605w, https:\/\/eca-capacita.com.br\/videocapacita\/wp-content\/uploads\/2017\/08\/Prof-DEL-300x185.png 300w\" sizes=\"(max-width: 605px) 100vw, 605px\" \/><\/a><\/h2>\n<h2><strong><em>Prof. Delnerio Nascimento da Cruz<\/em><\/strong><\/h2>\n<p><strong>Graduado em Ci\u00eancias Econ\u00f4micas.<br \/>\nP\u00f3s Graduado em<\/strong> Administra\u00e7\u00e3o de Recursos Humanos; e<br \/>\nControladoria Governamental.<\/p>\n<p>&#8211; <strong>Certificado<\/strong> pelo Conselho Nacional dos Direitos da Crian\u00e7a e do Adolescente &#8211;\u00a0CONANDA\u00a0\u00a0 -&gt; <strong><em>Curso sobre Fundos dos Direitos da Crian\u00e7a e do Adolescente<\/em><\/strong> (nov\/2002 \u2013 Bras\u00edlia \u2013 DF)<\/p>\n<p style=\"text-align: justify;\">&#8211; <strong>Certificado<\/strong> pela Secretaria Especial de Direitos Humanos \u2013 SEDH, e Agere Coopera\u00e7\u00e3o em Advocacy \u00a0\u00a0\u00a0\u00a0\u00a0-&gt; \u00a0<strong><em>Curso de Forma\u00e7\u00e3o de Conselheiros em Direitos Humanos \u2013 com \u00eanfase em Direitos da Crian\u00e7a e do Adolescente<\/em><\/strong> (2006).<\/p>\n<p style=\"text-align: justify;\"><strong>Desde 2003 &#8211; Palestrante, Professor, Consultor ECA<\/strong>: &#8211; Or\u00e7amento Crian\u00e7a, Fundo DCA, Plano de A\u00e7\u00e3o e de Aplica\u00e7\u00e3o, atribui\u00e7\u00f5es do Conselho de Direitos e do Conselho Tutelar e Pol\u00edticas P\u00fablicas para a Inf\u00e2ncia e Adolesc\u00eancia.<\/p>\n<p style=\"text-align: justify;\"><strong>Desde 2007 &#8211; Professor e Palestrante motivacional e comportamental:<\/strong> em Organiza\u00e7\u00f5es da Sociedade Civil, \u00d3rg\u00e3os Governamentais, Empresas e Associa\u00e7\u00f5es; colaborando com o desenvolvimento pessoal, autoestima e empoderamento dos colaboradores das institui\u00e7\u00f5es p\u00fablicas e privadas.<\/p>\n<p style=\"text-align: justify;\">Tamb\u00e9m atuou no <strong>Governo do Estado de S\u00e3o Paulo<\/strong> como:<br \/>\nDiretor Adjunto de Finan\u00e7as e Auditor do Instituto de Pesos e Medidas &#8211; <strong>IPEM\/SP<\/strong> (2009-2013).<br \/>\nGestor de Finan\u00e7as do Conselho Estadual de Seguran\u00e7a Alimentar \u2013 <strong>CONSEA\/SP<\/strong>\u00a0(2005 a 2007).<br \/>\nGestor de Or\u00e7amento, Finan\u00e7as e Fundo Estadual dos Direitos da Crian\u00e7a e do Adolescente &#8211;\u00a0<strong>CONDECA\/SP<\/strong> (2002-2005).<br \/>\nAssistente T\u00e9cnico de Gabinete da Secretaria da Casa Civil do Estado de S\u00e3o Paulo; (\u00e9poca em que assessorava as finan\u00e7as dos Conselhos: do Idoso, Deficiente, \u00cdndio, Comunidade Negra, Mulher \u2013 2000 a 2002).<br \/>\nAuditor da Secretaria da Fazenda do Estado de S\u00e3o Paulo (1994-2000).<\/p>\n<p><strong>\u00a0<\/strong><\/p>\n<table style=\"width: 654px;\">\n<tbody>\n<tr>\n<td style=\"width: 336px;\"><strong>E-mail:<\/strong><\/p>\n<p><strong><u><a href=\"mailto:prof.delnerio@eca-capacita.com.br\">prof.delnerio@eca-capacita.com.br<\/a><\/u><\/strong><\/p>\n<p><strong><u><a href=\"mailto:delnerio@gmail.com\" target=\"_blank\" rel=\"noopener noreferrer\">delnerio@gmail.com<\/a><\/u><\/strong><\/td>\n<td style=\"width: 306px;\"><strong>Visite:<\/strong><\/p>\n<p><a href=\"http:\/\/eca-capacita.com.br\" target=\"_blank\" rel=\"noopener\"><strong>http:\/\/eca-capacita.com.br<\/strong><\/a><\/p>\n<p><a href=\"http:\/\/eca-capacita.com.br\/videos-prof-delnerio\" target=\"_blank\" rel=\"noopener noreferrer\"><b><u>Canal do Youtube<\/u><\/b><\/a><\/p>\n<p><strong><a href=\"https:\/\/www.facebook.com\/eca.capacita\/\" target=\"_blank\" rel=\"noopener noreferrer\">www.facebook.com\/eca.capacita\/<\/a><\/strong><\/td>\n<\/tr>\n<\/tbody>\n<\/table>\n<p>________________________________<\/p>\n<p><b>Palestrante\/Professor em projetos de atendimento e desenvolvimento de crian\u00e7as e adolescentes, tais como:<br \/>\n<\/b>&#8211;\u00a0<b>Institui\u00e7\u00e3o Social Santa L\u00facia (PSR) &#8211; 2012<br \/>\n&#8211;\u00a0Projeto Ser de L\u00f3tus &#8211; Instituto Rukha &#8211; 2010<br \/>\n&#8211;\u00a0Projeto Lapidar &#8211; Curso de Realizadores de Eventos &#8211; 2005<br \/>\n&#8211;\u00a0Projeto Capacita\u00e7\u00e3o Solid\u00e1ria \u2013 1999<\/b><\/p>\n<p><b>Instrutor <\/b>da metodologia de diagn\u00f3stico e capacita\u00e7\u00e3o dos Agentes do Sistema de Garantias de Direitos da Crian\u00e7a e do Adolescente no <u><b>Projeto Aprimorar<\/b><\/u><b> \u2013 Rede Social S\u00e3o Paulo \/ Conselho Estadual DCA\u00a0\u00a0 &#8211; (2006)<\/b><\/p>\n<p>________________________________<\/p>\n<p><strong>Alguns dos temas e Munic\u00edpios pelos quais o Prof. Delnerio trabalhou:<\/strong><\/p>\n<ul>\n<li><strong>Elabora\u00e7\u00e3o de Projetos<br \/>\n<\/strong><\/li>\n<li><strong>Capacita\u00e7\u00e3o de Conselheiros<\/strong><\/li>\n<li><strong>Or\u00e7amento e Fundo DCA<\/strong><\/li>\n<li><strong>Medidas Socioeducativas<\/strong><\/li>\n<li><strong>Plano Decenal DHCA<\/strong><\/li>\n<li><strong>Motiva\u00e7\u00e3o e Lideran\u00e7a<\/strong><\/li>\n<li><strong>Atendimento ao P\u00fablico no Setor P\u00fablico<\/strong><\/li>\n<li><strong>Autoestima (benefici\u00e1rios do Cras\/Creas)<\/strong><strong>\u00a0<\/strong><\/li>\n<\/ul>\n<table width=\"740\">\n<tbody>\n<tr>\n<td>\u00c1guas de Lind\u00f3ia<br \/>\nAra\u00e7atuba<br \/>\nAra\u00e7oiaba da Serra<br \/>\nAruj\u00e1<br \/>\nAvar\u00e9<br \/>\nBatatais<br \/>\nBebedouro<br \/>\nBragan\u00e7a Paulista<br \/>\nBrodowski<br \/>\nCabre\u00fava<br \/>\nCajamar<br \/>\nCaraguatatuba<br \/>\nCarapicu\u00edba<br \/>\nCasa Branca<br \/>\nCerquilho<br \/>\nChavantes<br \/>\nCordeir\u00f3polis<br \/>\nCubat\u00e3o<br \/>\nEldorado<br \/>\nEmbu Gua\u00e7u<\/td>\n<td>Esp\u00edrito Santo do Pinhal<br \/>\nFranca<br \/>\nGar\u00e7a<br \/>\nGua\u00edra<br \/>\nGuaraci<br \/>\nIndaiatuba<br \/>\nItapetininga<br \/>\nItapeva<br \/>\nItaporanga &#8211; SP<br \/>\nItaporanga &#8211; PB<br \/>\nItarar\u00e9<br \/>\nItobi<br \/>\nItupeva<br \/>\nJundia\u00ed<br \/>\nMairipor\u00e3<br \/>\nMat\u00e3o<br \/>\nMiracatu<br \/>\nMococa<br \/>\nNova Friburgo &#8211; RJ<br \/>\nOl\u00edmpia<\/td>\n<td>Paul\u00ednia<br \/>\nPorto Feliz<br \/>\nRibeir\u00e3o Preto<br \/>\nRio Grande da Serra<br \/>\nSanta Cruz das Palmeiras<br \/>\nSanta Cruz do Rio Pardo<br \/>\nSanta Gertrudes<br \/>\nS\u00e3o Luiz do Paraitinga<br \/>\nS\u00e3o Jo\u00e3o da Boa Vista<br \/>\nS\u00e3o Jos\u00e9 do Rio Preto<br \/>\nS\u00e3o Manuel<br \/>\nS\u00e3o Sebasti\u00e3o da Grama<br \/>\nS\u00e3o Vicente<br \/>\nSert\u00e3ozinho<br \/>\nSever\u00ednia<br \/>\nTagua\u00ed<br \/>\nTarum\u00e3<br \/>\nTiet\u00ea<br \/>\nVargem Grande do Sul<br \/>\nV\u00e1rzea Paulista<br \/>\nVotuporanga<\/td>\n<\/tr>\n<\/tbody>\n<\/table>\n<p>Tamb\u00e9m para o Conselho Estadual dos Direitos da Crian\u00e7a e do Adolescente \u2013 CONDECA\/SP (palestra no Munic\u00edpio de S\u00e3o Pedro)<\/p>\n<p style=\"text-align: center;\"><strong>ALGUNS DOS ARTIGOS ESCRITOS PELO PROFESSOR DELNERIO<\/strong><\/p>\n<p><strong>\u00a0<\/strong><u><a href=\"http:\/\/eca-capacita.com.br\/arrazoado-sobre-conselheiro-tutelar-ser-curador\/\">A quest\u00e3o estranha do Conselho Tutelar como curador de crian\u00e7as e adolescentes.<\/a><\/u><\/p>\n<p><u><a href=\"http:\/\/eca-capacita.com.br\/a-rede-de-garantia-dos-direitos-e-o-caso-bernardo-eca\/\">A Rede de Garantia e o caso do menino Bernardo, de Tr\u00eas Passos \u2013 RS.<\/a><\/u><\/p>\n<p><u><a href=\"http:\/\/eca-capacita.com.br\/reducao-da-maioridade-penal-justica-vinganca-ou-descaso\/\">Redu\u00e7\u00e3o da Maioridade Penal \u2013 Justi\u00e7a, Vingan\u00e7a ou Descaso.<\/a><\/u><\/p>\n<p>Or\u00e7amento P\u00fablico \u2013 A Vitrine das A\u00e7\u00f5es\u00a0 e o Fundo Municipal dos Direitos da Crian\u00e7a e do Adolescente. \u201cOs benef\u00edcios da destina\u00e7\u00e3o dirigida e o que se deve evitar\u201d.<\/p>\n<p>&nbsp;<\/p>\n<p><strong>\u201cBom mesmo \u00e9 ir \u00e0 luta com determina\u00e7\u00e3o, abra\u00e7ar a vida com paix\u00e3o, perder com classe e vencer com ousadia, porque o mundo pertence a quem se atreve e a vida \u00e9 &#8220;muito&#8221; para ser insignificante.\u201d<\/strong><\/p>\n<p style=\"text-align: right;\">Augusto Branco<\/p>\n","protected":false},"excerpt":{"rendered":"<p>Prof. Delnerio Nascimento da Cruz Graduado em Ci\u00eancias Econ\u00f4micas. P\u00f3s Graduado em Administra\u00e7\u00e3o de Recursos Humanos; e Controladoria Governamental. &#8211; Certificado pelo Conselho Nacional dos Direitos da Crian\u00e7a e do Adolescente &#8211;\u00a0CONANDA\u00a0\u00a0 -&gt; Curso sobre Fundos dos Direitos da Crian\u00e7a&#46;&#46;&#46;<\/p>\n","protected":false},"author":1,"featured_media":0,"parent":0,"menu_order":0,"comment_status":"closed","ping_status":"closed","template":"","meta":{"footnotes":""},"class_list":["post-603","page","type-page","status-publish","hentry"],"_links":{"self":[{"href":"https:\/\/eca-capacita.com.br\/videocapacita\/wp-json\/wp\/v2\/pages\/603","targetHints":{"allow":["GET"]}}],"collection":[{"href":"https:\/\/eca-capacita.com.br\/videocapacita\/wp-json\/wp\/v2\/pages"}],"about":[{"href":"https:\/\/eca-capacita.com.br\/videocapacita\/wp-json\/wp\/v2\/types\/page"}],"author":[{"embeddable":true,"href":"https:\/\/eca-capacita.com.br\/videocapacita\/wp-json\/wp\/v2\/users\/1"}],"replies":[{"embeddable":true,"href":"https:\/\/eca-capacita.com.br\/videocapacita\/wp-json\/wp\/v2\/comments?post=603"}],"version-history":[{"count":1,"href":"https:\/\/eca-capacita.com.br\/videocapacita\/wp-json\/wp\/v2\/pages\/603\/revisions"}],"predecessor-version":[{"id":605,"href":"https:\/\/eca-capacita.com.br\/videocapacita\/wp-json\/wp\/v2\/pages\/603\/revisions\/605"}],"wp:attachment":[{"href":"https:\/\/eca-capacita.com.br\/videocapacita\/wp-json\/wp\/v2\/media?parent=603"}],"curies":[{"name":"wp","href":"https:\/\/api.w.org\/{rel}","templated":true}]}}